{"id":3417,"date":"2023-02-09T11:29:32","date_gmt":"2023-02-09T10:29:32","guid":{"rendered":"https:\/\/new-web-proman-cz.animatec.cz\/?page_id=3417"},"modified":"2025-01-14T10:30:42","modified_gmt":"2025-01-14T09:30:42","slug":"odborne-poradenstvi","status":"publish","type":"page","link":"https:\/\/proman.sk\/cs\/odborne-poradenstvi\/","title":{"rendered":"Odborn\u00e9 poradenstv\u00ed"},"content":{"rendered":"\t\t<div data-elementor-type=\"wp-page\" data-elementor-id=\"3417\" class=\"elementor elementor-3417\">\n\t\t\t\t\t\t<section class=\"elementor-section elementor-top-section elementor-element elementor-element-930d39b elementor-section-boxed elementor-section-height-default elementor-section-height-default\" data-id=\"930d39b\" data-element_type=\"section\">\n\t\t\t\t\t\t<div class=\"elementor-container elementor-column-gap-default\">\n\t\t\t\t\t<div class=\"elementor-column elementor-col-100 elementor-top-column elementor-element elementor-element-419c211\" data-id=\"419c211\" data-element_type=\"column\">\n\t\t\t<div class=\"elementor-widget-wrap elementor-element-populated\">\n\t\t\t\t\t\t<div class=\"elementor-element elementor-element-9389aaa elementor-widget elementor-widget-bauen-title\" data-id=\"9389aaa\" data-element_type=\"widget\" data-widget_type=\"bauen-title.default\">\n\t\t\t\t<div class=\"elementor-widget-container\">\n\t\t\t\t\t\t\t\n\t\t\t\t\t\t\t\t<h1 class=\"section-title2 text-left\">Odborn\u00e9 <span class=\"text-color-red\"> poradenstv\u00ed PROMAN <\/span><\/h1>\n\t\t\t\t\t\t\t\t\t\t\t\n\t\t\n\t\t\t\n        \t\t\t\t<\/div>\n\t\t\t\t<\/div>\n\t\t\t\t\t<\/div>\n\t\t<\/div>\n\t\t\t\t\t<\/div>\n\t\t<\/section>\n\t\t\t\t<section class=\"elementor-section elementor-top-section elementor-element elementor-element-8d9d60d elementor-section-boxed elementor-section-height-default elementor-section-height-default\" data-id=\"8d9d60d\" data-element_type=\"section\" data-settings=\"{&quot;background_background&quot;:&quot;classic&quot;}\">\n\t\t\t\t\t\t<div class=\"elementor-container elementor-column-gap-default\">\n\t\t\t\t\t<div class=\"elementor-column elementor-col-33 elementor-top-column elementor-element elementor-element-5e2fb08\" data-id=\"5e2fb08\" data-element_type=\"column\" data-settings=\"{&quot;background_background&quot;:&quot;classic&quot;}\">\n\t\t\t<div class=\"elementor-widget-wrap\">\n\t\t\t\t\t\t\t<\/div>\n\t\t<\/div>\n\t\t\t\t<div class=\"elementor-column elementor-col-33 elementor-top-column elementor-element elementor-element-6df648c\" data-id=\"6df648c\" data-element_type=\"column\" data-settings=\"{&quot;background_background&quot;:&quot;classic&quot;}\">\n\t\t\t<div class=\"elementor-widget-wrap elementor-element-populated\">\n\t\t\t\t\t\t<div class=\"elementor-element elementor-element-313bf13 elementor-widget elementor-widget-bauen-image\" data-id=\"313bf13\" data-element_type=\"widget\" data-widget_type=\"bauen-image.default\">\n\t\t\t\t<div class=\"elementor-widget-container\">\n\t\t\t\t\t\t\t\n\t\t\t\t\n\t\t\t<div class=\"sec-img\">\n\t\t\t    \t\t\t\n\t\t\t\t <img decoding=\"async\" src=\"https:\/\/proman.sk\/wp-content\/uploads\/2023\/03\/mate-regaly-proman.webp\" class=\"img-responsive\" alt=\"M\u00e1te reg\u00e1ly PROMAN?\"> \n\t\t\t\t\t\n\t\t\t<\/div>\n\t\t\n\t\t\t\t\t\n\t\t\n\t\t\t\n        \t\t\t\t<\/div>\n\t\t\t\t<\/div>\n\t\t\t\t\t<\/div>\n\t\t<\/div>\n\t\t\t\t<div class=\"elementor-column elementor-col-33 elementor-top-column elementor-element elementor-element-e81791c\" data-id=\"e81791c\" data-element_type=\"column\" data-settings=\"{&quot;background_background&quot;:&quot;classic&quot;}\">\n\t\t\t<div class=\"elementor-widget-wrap\">\n\t\t\t\t\t\t\t<\/div>\n\t\t<\/div>\n\t\t\t\t\t<\/div>\n\t\t<\/section>\n\t\t\t\t<section class=\"elementor-section elementor-top-section elementor-element elementor-element-d5a1b36 elementor-section-boxed elementor-section-height-default elementor-section-height-default\" data-id=\"d5a1b36\" data-element_type=\"section\" data-settings=\"{&quot;background_background&quot;:&quot;classic&quot;}\">\n\t\t\t\t\t\t<div class=\"elementor-container elementor-column-gap-no\">\n\t\t\t\t\t<div class=\"elementor-column elementor-col-33 elementor-top-column elementor-element elementor-element-975bfc8\" data-id=\"975bfc8\" data-element_type=\"column\" data-settings=\"{&quot;background_background&quot;:&quot;classic&quot;}\">\n\t\t\t<div class=\"elementor-widget-wrap elementor-element-populated\">\n\t\t\t\t\t\t<div class=\"elementor-element elementor-element-cef5930 elementor-widget__width-initial elementor-widget elementor-widget-bauen-image\" data-id=\"cef5930\" data-element_type=\"widget\" data-widget_type=\"bauen-image.default\">\n\t\t\t\t<div class=\"elementor-widget-container\">\n\t\t\t\t\t\t\t\n\t\t\t\t\n\t\t\t<div class=\"sec-img\">\n\t\t\t    \t\t\t\n\t\t\t\t <img decoding=\"async\" src=\"https:\/\/proman.sk\/wp-content\/uploads\/2023\/03\/potrebute-regaly-proman.webp\" class=\"img-responsive\" alt=\"Pot\u0159ebujete reg\u00e1ly PROMAN?\"> \n\t\t\t\t\t\n\t\t\t<\/div>\n\t\t\n\t\t\t\t\t\n\t\t\n\t\t\t\n        \t\t\t\t<\/div>\n\t\t\t\t<\/div>\n\t\t\t\t\t<\/div>\n\t\t<\/div>\n\t\t\t\t<div class=\"elementor-column elementor-col-33 elementor-top-column elementor-element elementor-element-df288b3\" data-id=\"df288b3\" data-element_type=\"column\" data-settings=\"{&quot;background_background&quot;:&quot;classic&quot;}\">\n\t\t\t<div class=\"elementor-widget-wrap elementor-element-populated\">\n\t\t\t\t\t\t<div class=\"elementor-element elementor-element-8d52be0 elementor-widget__width-initial elementor-widget elementor-widget-bauen-image\" data-id=\"8d52be0\" data-element_type=\"widget\" data-widget_type=\"bauen-image.default\">\n\t\t\t\t<div class=\"elementor-widget-container\">\n\t\t\t\t\t\t\t\n\t\t\t\t\n\t\t\t<div class=\"sec-img\">\n\t\t\t    \t\t\t\n\t\t\t\t <img decoding=\"async\" src=\"https:\/\/proman.sk\/wp-content\/uploads\/2023\/03\/znate-zadani.webp\" class=\"img-responsive\" alt=\"Zn\u00e1te konkr\u00e9tn\u00ed zad\u00e1ni?\"> \n\t\t\t\t\t\n\t\t\t<\/div>\n\t\t\n\t\t\t\t\t\n\t\t\n\t\t\t\n        \t\t\t\t<\/div>\n\t\t\t\t<\/div>\n\t\t\t\t\t<\/div>\n\t\t<\/div>\n\t\t\t\t<div class=\"elementor-column elementor-col-33 elementor-top-column elementor-element elementor-element-ba713d5\" data-id=\"ba713d5\" data-element_type=\"column\" data-settings=\"{&quot;background_background&quot;:&quot;classic&quot;}\">\n\t\t\t<div class=\"elementor-widget-wrap elementor-element-populated\">\n\t\t\t\t\t\t<div class=\"elementor-element elementor-element-04c8a1c elementor-widget__width-initial elementor-widget elementor-widget-bauen-image\" data-id=\"04c8a1c\" data-element_type=\"widget\" data-widget_type=\"bauen-image.default\">\n\t\t\t\t<div class=\"elementor-widget-container\">\n\t\t\t\t\t\t\t\n\t\t\t\t\n\t\t\t<div class=\"sec-img\">\n\t\t\t    \t\t\t\n\t\t\t\t <img decoding=\"async\" src=\"https:\/\/proman.sk\/wp-content\/uploads\/2023\/03\/potrebujete-poradit.webp\" class=\"img-responsive\" alt=\"Pot\u0159ebujete radu\"> \n\t\t\t\t\t\n\t\t\t<\/div>\n\t\t\n\t\t\t\t\t\n\t\t\n\t\t\t\n        \t\t\t\t<\/div>\n\t\t\t\t<\/div>\n\t\t\t\t\t<\/div>\n\t\t<\/div>\n\t\t\t\t\t<\/div>\n\t\t<\/section>\n\t\t\t\t<section class=\"elementor-section elementor-top-section elementor-element elementor-element-943ffc0 elementor-section-boxed elementor-section-height-default elementor-section-height-default\" data-id=\"943ffc0\" data-element_type=\"section\" data-settings=\"{&quot;background_background&quot;:&quot;classic&quot;}\">\n\t\t\t\t\t\t<div class=\"elementor-container elementor-column-gap-no\">\n\t\t\t\t\t<div class=\"elementor-column elementor-col-12 elementor-top-column elementor-element elementor-element-13e6a86\" data-id=\"13e6a86\" data-element_type=\"column\" data-settings=\"{&quot;background_background&quot;:&quot;classic&quot;}\">\n\t\t\t<div class=\"elementor-widget-wrap\">\n\t\t\t\t\t\t\t<\/div>\n\t\t<\/div>\n\t\t\t\t<div class=\"elementor-column elementor-col-12 elementor-top-column elementor-element elementor-element-bfd7c85\" data-id=\"bfd7c85\" data-element_type=\"column\" data-settings=\"{&quot;background_background&quot;:&quot;classic&quot;}\">\n\t\t\t<div class=\"elementor-widget-wrap elementor-element-populated\">\n\t\t\t\t\t\t<div class=\"elementor-element elementor-element-4b2af35 elementor-widget__width-initial elementor-widget elementor-widget-bauen-image\" data-id=\"4b2af35\" data-element_type=\"widget\" data-widget_type=\"bauen-image.default\">\n\t\t\t\t<div class=\"elementor-widget-container\">\n\t\t\t\t\t\t\t\n\t\t\t\t\n\t\t\t<div class=\"sec-img\">\n\t\t\t    \t\t\t\n\t\t\t\t <img decoding=\"async\" src=\"https:\/\/proman.sk\/wp-content\/uploads\/2023\/03\/dalsi-regaly.webp\" class=\"img-responsive\" alt=\"Dal\u0161\u00ed reg\u00e1ly\"> \n\t\t\t\t\t\n\t\t\t<\/div>\n\t\t\n\t\t\t\t\t\n\t\t\n\t\t\t\n        \t\t\t\t<\/div>\n\t\t\t\t<\/div>\n\t\t\t\t\t<\/div>\n\t\t<\/div>\n\t\t\t\t<div class=\"elementor-column elementor-col-12 elementor-top-column elementor-element elementor-element-d3e5bd8\" data-id=\"d3e5bd8\" data-element_type=\"column\" data-settings=\"{&quot;background_background&quot;:&quot;classic&quot;}\">\n\t\t\t<div class=\"elementor-widget-wrap elementor-element-populated\">\n\t\t\t\t\t\t<div class=\"elementor-element elementor-element-cbed952 elementor-widget__width-initial elementor-widget elementor-widget-bauen-image\" data-id=\"cbed952\" data-element_type=\"widget\" data-widget_type=\"bauen-image.default\">\n\t\t\t\t<div class=\"elementor-widget-container\">\n\t\t\t\t\t\t\t\n\t\t\t\t\n\t\t\t<div class=\"sec-img\">\n\t\t\t    \t\t\t\n\t\t\t\t <img decoding=\"async\" src=\"https:\/\/proman.sk\/wp-content\/uploads\/2023\/03\/oprava-servis.webp\" class=\"img-responsive\" alt=\"Oprava, servis reg\u00e1l\u016f\"> \n\t\t\t\t\t\n\t\t\t<\/div>\n\t\t\n\t\t\t\t\t\n\t\t\n\t\t\t\n        \t\t\t\t<\/div>\n\t\t\t\t<\/div>\n\t\t\t\t\t<\/div>\n\t\t<\/div>\n\t\t\t\t<div class=\"elementor-column elementor-col-12 elementor-top-column elementor-element elementor-element-14b59d9\" data-id=\"14b59d9\" data-element_type=\"column\" data-settings=\"{&quot;background_background&quot;:&quot;classic&quot;}\">\n\t\t\t<div class=\"elementor-widget-wrap elementor-element-populated\">\n\t\t\t\t\t\t<div class=\"elementor-element elementor-element-33990c0 elementor-widget__width-initial elementor-widget elementor-widget-bauen-image\" data-id=\"33990c0\" data-element_type=\"widget\" data-widget_type=\"bauen-image.default\">\n\t\t\t\t<div class=\"elementor-widget-container\">\n\t\t\t\t\t\t\t\n\t\t\t\t\n\t\t\t<div class=\"sec-img\">\n\t\t\t    \t\t\t\t<a href=\"http:\/\/eshop.proman.cz\/\" target=\"_blank\" rel=\"noopener noreferrer\">\n\t\t\t\t\t\t\t\n\t\t\t\t <img decoding=\"async\" src=\"https:\/\/proman.sk\/wp-content\/uploads\/2023\/03\/eshop.webp\" class=\"img-responsive\" alt=\"Eshop\"> \n\t\t\t\t\t\t\t\t<\/a>\n\t\t\t\t\t\n\t\t\t<\/div>\n\t\t\n\t\t\t\t\t\n\t\t\n\t\t\t\n        \t\t\t\t<\/div>\n\t\t\t\t<\/div>\n\t\t\t\t\t<\/div>\n\t\t<\/div>\n\t\t\t\t<div class=\"elementor-column elementor-col-12 elementor-top-column elementor-element elementor-element-4f1f55e\" data-id=\"4f1f55e\" data-element_type=\"column\" data-settings=\"{&quot;background_background&quot;:&quot;classic&quot;}\">\n\t\t\t<div class=\"elementor-widget-wrap elementor-element-populated\">\n\t\t\t\t\t\t<div class=\"elementor-element elementor-element-6881989 elementor-widget__width-initial elementor-widget elementor-widget-bauen-image\" data-id=\"6881989\" data-element_type=\"widget\" data-widget_type=\"bauen-image.default\">\n\t\t\t\t<div class=\"elementor-widget-container\">\n\t\t\t\t\t\t\t\n\t\t\t\t\n\t\t\t<div class=\"sec-img\">\n\t\t\t    \t\t\t\t<a href=\"mailto:proman@proman.cz\" target=\"_self\" rel=\"noopener noreferrer\">\n\t\t\t\t\t\t\t\n\t\t\t\t <img decoding=\"async\" src=\"https:\/\/proman.sk\/wp-content\/uploads\/2023\/03\/email.webp\" class=\"img-responsive\" alt=\"Email\"> \n\t\t\t\t\t\t\t\t<\/a>\n\t\t\t\t\t\n\t\t\t<\/div>\n\t\t\n\t\t\t\t\t\n\t\t\n\t\t\t\n        \t\t\t\t<\/div>\n\t\t\t\t<\/div>\n\t\t\t\t\t<\/div>\n\t\t<\/div>\n\t\t\t\t<div class=\"elementor-column elementor-col-12 elementor-top-column elementor-element elementor-element-bfeab7f\" data-id=\"bfeab7f\" data-element_type=\"column\" data-settings=\"{&quot;background_background&quot;:&quot;classic&quot;}\">\n\t\t\t<div class=\"elementor-widget-wrap elementor-element-populated\">\n\t\t\t\t\t\t<div class=\"elementor-element elementor-element-e9cf28c elementor-widget__width-initial elementor-widget elementor-widget-bauen-image\" data-id=\"e9cf28c\" data-element_type=\"widget\" data-widget_type=\"bauen-image.default\">\n\t\t\t\t<div class=\"elementor-widget-container\">\n\t\t\t\t\t\t\t\n\t\t\t\t\n\t\t\t<div class=\"sec-img\">\n\t\t\t    \t\t\t\t<a href=\"\/kontakt#mapa-obchod\" target=\"_self\" rel=\"noopener noreferrer\">\n\t\t\t\t\t\t\t\n\t\t\t\t <img decoding=\"async\" src=\"https:\/\/proman.sk\/wp-content\/uploads\/2023\/03\/mapa-obchodu.webp\" class=\"img-responsive\" alt=\"Mapa obchodu PROMAN\"> \n\t\t\t\t\t\t\t\t<\/a>\n\t\t\t\t\t\n\t\t\t<\/div>\n\t\t\n\t\t\t\t\t\n\t\t\n\t\t\t\n        \t\t\t\t<\/div>\n\t\t\t\t<\/div>\n\t\t\t\t\t<\/div>\n\t\t<\/div>\n\t\t\t\t<div class=\"elementor-column elementor-col-12 elementor-top-column elementor-element elementor-element-5c62443\" data-id=\"5c62443\" data-element_type=\"column\" data-settings=\"{&quot;background_background&quot;:&quot;classic&quot;}\">\n\t\t\t<div class=\"elementor-widget-wrap elementor-element-populated\">\n\t\t\t\t\t\t<div class=\"elementor-element elementor-element-e232645 elementor-widget__width-initial elementor-widget elementor-widget-bauen-image\" data-id=\"e232645\" data-element_type=\"widget\" data-widget_type=\"bauen-image.default\">\n\t\t\t\t<div class=\"elementor-widget-container\">\n\t\t\t\t\t\t\t\n\t\t\t\t\n\t\t\t<div class=\"sec-img\">\n\t\t\t    \t\t\t\t<a href=\"\/pruvodce-vyberem-regalu\/\" target=\"_self\" rel=\"noopener noreferrer\">\n\t\t\t\t\t\t\t\n\t\t\t\t <img decoding=\"async\" src=\"https:\/\/proman.sk\/wp-content\/uploads\/2023\/03\/pruvodce.webp\" class=\"img-responsive\" alt=\"Pr\u016fvodce v\u00fdb\u011brem\"> \n\t\t\t\t\t\t\t\t<\/a>\n\t\t\t\t\t\n\t\t\t<\/div>\n\t\t\n\t\t\t\t\t\n\t\t\n\t\t\t\n        \t\t\t\t<\/div>\n\t\t\t\t<\/div>\n\t\t\t\t\t<\/div>\n\t\t<\/div>\n\t\t\t\t<div class=\"elementor-column elementor-col-12 elementor-top-column elementor-element elementor-element-43c3007\" data-id=\"43c3007\" data-element_type=\"column\" data-settings=\"{&quot;background_background&quot;:&quot;classic&quot;}\">\n\t\t\t<div class=\"elementor-widget-wrap\">\n\t\t\t\t\t\t\t<\/div>\n\t\t<\/div>\n\t\t\t\t\t<\/div>\n\t\t<\/section>\n\t\t\t\t<section class=\"elementor-section elementor-top-section elementor-element elementor-element-b6822df elementor-section-boxed elementor-section-height-default elementor-section-height-default\" data-id=\"b6822df\" data-element_type=\"section\">\n\t\t\t\t\t\t<div class=\"elementor-container elementor-column-gap-no\">\n\t\t\t\t\t<div class=\"elementor-column elementor-col-14 elementor-top-column elementor-element elementor-element-ab29deb\" data-id=\"ab29deb\" data-element_type=\"column\" data-settings=\"{&quot;background_background&quot;:&quot;classic&quot;}\">\n\t\t\t<div class=\"elementor-widget-wrap\">\n\t\t\t\t\t\t\t<\/div>\n\t\t<\/div>\n\t\t\t\t<div class=\"elementor-column elementor-col-14 elementor-top-column elementor-element elementor-element-974a77d\" data-id=\"974a77d\" data-element_type=\"column\" data-settings=\"{&quot;background_background&quot;:&quot;classic&quot;}\">\n\t\t\t<div class=\"elementor-widget-wrap elementor-element-populated\">\n\t\t\t\t\t\t<div class=\"elementor-element elementor-element-47e5e65 elementor-widget__width-initial elementor-widget elementor-widget-bauen-image\" data-id=\"47e5e65\" data-element_type=\"widget\" data-widget_type=\"bauen-image.default\">\n\t\t\t\t<div class=\"elementor-widget-container\">\n\t\t\t\t\t\t\t\n\t\t\t\t\n\t\t\t<div class=\"sec-img\">\n\t\t\t    \t\t\t\t<a href=\"http:\/\/eshop.proman.cz\/\" target=\"_blank\" rel=\"noopener noreferrer\">\n\t\t\t\t\t\t\t\n\t\t\t\t <img decoding=\"async\" src=\"https:\/\/proman.sk\/wp-content\/uploads\/2023\/03\/eshop.webp\" class=\"img-responsive\" alt=\"Eshop\"> \n\t\t\t\t\t\t\t\t<\/a>\n\t\t\t\t\t\n\t\t\t<\/div>\n\t\t\n\t\t\t\t\t\n\t\t\n\t\t\t\n        \t\t\t\t<\/div>\n\t\t\t\t<\/div>\n\t\t\t\t\t<\/div>\n\t\t<\/div>\n\t\t\t\t<div class=\"elementor-column elementor-col-14 elementor-top-column elementor-element elementor-element-f836f1b\" data-id=\"f836f1b\" data-element_type=\"column\" data-settings=\"{&quot;background_background&quot;:&quot;classic&quot;}\">\n\t\t\t<div class=\"elementor-widget-wrap elementor-element-populated\">\n\t\t\t\t\t\t<div class=\"elementor-element elementor-element-63840fa elementor-widget__width-initial elementor-widget elementor-widget-bauen-image\" data-id=\"63840fa\" data-element_type=\"widget\" data-widget_type=\"bauen-image.default\">\n\t\t\t\t<div class=\"elementor-widget-container\">\n\t\t\t\t\t\t\t\n\t\t\t\t\n\t\t\t<div class=\"sec-img\">\n\t\t\t    \t\t\t\t<a href=\"mailto:servis@proman.cz\" target=\"_self\" rel=\"noopener noreferrer\">\n\t\t\t\t\t\t\t\n\t\t\t\t <img decoding=\"async\" src=\"https:\/\/proman.sk\/wp-content\/uploads\/2023\/03\/email.webp\" class=\"img-responsive\" alt=\"Email\"> \n\t\t\t\t\t\t\t\t<\/a>\n\t\t\t\t\t\n\t\t\t<\/div>\n\t\t\n\t\t\t\t\t\n\t\t\n\t\t\t\n        \t\t\t\t<\/div>\n\t\t\t\t<\/div>\n\t\t\t\t\t<\/div>\n\t\t<\/div>\n\t\t\t\t<div class=\"elementor-column elementor-col-14 elementor-top-column elementor-element elementor-element-f1721e9\" data-id=\"f1721e9\" data-element_type=\"column\" data-settings=\"{&quot;background_background&quot;:&quot;classic&quot;}\">\n\t\t\t<div class=\"elementor-widget-wrap elementor-element-populated\">\n\t\t\t\t\t\t<div class=\"elementor-element elementor-element-2a9dcda elementor-widget__width-initial elementor-widget elementor-widget-bauen-image\" data-id=\"2a9dcda\" data-element_type=\"widget\" data-widget_type=\"bauen-image.default\">\n\t\t\t\t<div class=\"elementor-widget-container\">\n\t\t\t\t\t\t\t\n\t\t\t\t\n\t\t\t<div class=\"sec-img\">\n\t\t\t    \t\t\t\t<a href=\"\/servis\/#servis\" target=\"_self\" rel=\"noopener noreferrer\">\n\t\t\t\t\t\t\t\n\t\t\t\t <img decoding=\"async\" src=\"https:\/\/proman.sk\/wp-content\/uploads\/2023\/03\/mapa-servisu1.webp\" class=\"img-responsive\" alt=\"Mapa servisu PROMAN\"> \n\t\t\t\t\t\t\t\t<\/a>\n\t\t\t\t\t\n\t\t\t<\/div>\n\t\t\n\t\t\t\t\t\n\t\t\n\t\t\t\n        \t\t\t\t<\/div>\n\t\t\t\t<\/div>\n\t\t\t\t\t<\/div>\n\t\t<\/div>\n\t\t\t\t<div class=\"elementor-column elementor-col-14 elementor-top-column elementor-element elementor-element-543dc3c\" data-id=\"543dc3c\" data-element_type=\"column\" data-settings=\"{&quot;background_background&quot;:&quot;classic&quot;}\">\n\t\t\t<div class=\"elementor-widget-wrap\">\n\t\t\t\t\t\t\t<\/div>\n\t\t<\/div>\n\t\t\t\t<div class=\"elementor-column elementor-col-14 elementor-top-column elementor-element elementor-element-a5c8401\" data-id=\"a5c8401\" data-element_type=\"column\" data-settings=\"{&quot;background_background&quot;:&quot;classic&quot;}\">\n\t\t\t<div class=\"elementor-widget-wrap\">\n\t\t\t\t\t\t\t<\/div>\n\t\t<\/div>\n\t\t\t\t<div class=\"elementor-column elementor-col-14 elementor-top-column elementor-element elementor-element-22c4deb\" data-id=\"22c4deb\" data-element_type=\"column\" data-settings=\"{&quot;background_background&quot;:&quot;classic&quot;}\">\n\t\t\t<div class=\"elementor-widget-wrap\">\n\t\t\t\t\t\t\t<\/div>\n\t\t<\/div>\n\t\t\t\t\t<\/div>\n\t\t<\/section>\n\t\t\t\t<\/div>\n\t\t","protected":false},"excerpt":{"rendered":"<p>Odborn\u00e9 poradenstv\u00ed PROMAN<\/p>\n","protected":false},"author":1,"featured_media":0,"parent":0,"menu_order":0,"comment_status":"closed","ping_status":"closed","template":"","meta":{"footnotes":"","_links_to":"","_links_to_target":""},"class_list":["post-3417","page","type-page","status-publish","hentry"],"aioseo_notices":[],"_links":{"self":[{"href":"https:\/\/proman.sk\/cs\/wp-json\/wp\/v2\/pages\/3417","targetHints":{"allow":["GET"]}}],"collection":[{"href":"https:\/\/proman.sk\/cs\/wp-json\/wp\/v2\/pages"}],"about":[{"href":"https:\/\/proman.sk\/cs\/wp-json\/wp\/v2\/types\/page"}],"author":[{"embeddable":true,"href":"https:\/\/proman.sk\/cs\/wp-json\/wp\/v2\/users\/1"}],"replies":[{"embeddable":true,"href":"https:\/\/proman.sk\/cs\/wp-json\/wp\/v2\/comments?post=3417"}],"version-history":[{"count":101,"href":"https:\/\/proman.sk\/cs\/wp-json\/wp\/v2\/pages\/3417\/revisions"}],"predecessor-version":[{"id":12572,"href":"https:\/\/proman.sk\/cs\/wp-json\/wp\/v2\/pages\/3417\/revisions\/12572"}],"wp:attachment":[{"href":"https:\/\/proman.sk\/cs\/wp-json\/wp\/v2\/media?parent=3417"}],"curies":[{"name":"wp","href":"https:\/\/api.w.org\/{rel}","templated":true}]}}